{"id":8,"date":"2026-02-06T09:34:47","date_gmt":"2026-02-06T08:34:47","guid":{"rendered":"http:\/\/rechesy.lilian-maitre.fr\/?page_id=8"},"modified":"2026-02-06T09:34:47","modified_gmt":"2026-02-06T08:34:47","slug":"rechesy","status":"publish","type":"page","link":"https:\/\/rechesy.lilian-maitre.fr\/index.php\/rechesy\/","title":{"rendered":"R\u00e9ch\u00e9sy"},"content":{"rendered":"\n<p>Le village est situ\u00e9 aux confins du d\u00e9partement, de la\u00a0<a href=\"https:\/\/fr.wikipedia.org\/wiki\/Suisse\">Suisse<\/a>\u00a0et du d\u00e9partement du\u00a0<a href=\"https:\/\/fr.wikipedia.org\/wiki\/Haut-Rhin\">Haut-Rhin<\/a>. La borne dite\u00a0<em>des Trois Puissances<\/em>\u00a0rappelle que R\u00e9ch\u00e9sy fut, pendant 44\u00a0ans, village fronti\u00e8re entre l&rsquo;<a href=\"https:\/\/fr.wikipedia.org\/wiki\/Empire_allemand\">Empire allemand<\/a>, qui avait annex\u00e9 l&rsquo;<a href=\"https:\/\/fr.wikipedia.org\/wiki\/Alsace\">Alsace<\/a>, et la\u00a0<a href=\"https:\/\/fr.wikipedia.org\/wiki\/France\">France<\/a>. Le village est arros\u00e9 par la\u00a0<a href=\"https:\/\/fr.wikipedia.org\/wiki\/Vendeline\">Vendeline<\/a>, une rivi\u00e8re prenant sa source pr\u00e8s du village suisse de\u00a0<a href=\"https:\/\/fr.wikipedia.org\/wiki\/Vendlincourt\">Vendlincourt<\/a>. Il est situ\u00e9 \u00e0 430\u00a0m\u00e8tres d&rsquo;altitude, \u00e0 1\u00a0km\u00a0de la fronti\u00e8re suisse, 10\u00a0km\u00a0de Delle et 30\u00a0km\u00a0de\u00a0<a href=\"https:\/\/fr.wikipedia.org\/wiki\/Belfort\">Belfort<\/a>, chef-lieu du d\u00e9partement. R\u00e9ch\u00e9sy est la commune situ\u00e9e la plus \u00e0 l&rsquo;est de la r\u00e9gion Franche-Comt\u00e9 et du d\u00e9partement du Territoire-de-Belfort.<\/p>\n","protected":false},"excerpt":{"rendered":"<p>Le village est situ\u00e9 aux confins du d\u00e9partement, de la\u00a0Suisse\u00a0et du d\u00e9partement du\u00a0Haut-Rhin. La borne dite\u00a0des Trois Puissances\u00a0rappelle que R\u00e9ch\u00e9sy fut, pendant 44\u00a0ans, village fronti\u00e8re entre l&rsquo;Empire allemand, qui avait annex\u00e9 l&rsquo;Alsace, et la\u00a0France. Le village est arros\u00e9 par la\u00a0Vendeline, une rivi\u00e8re prenant sa source pr\u00e8s du village suisse de\u00a0Vendlincourt. Il est situ\u00e9 \u00e0 430\u00a0m\u00e8tres [&hellip;]<\/p>\n","protected":false},"author":1,"featured_media":0,"parent":0,"menu_order":0,"comment_status":"closed","ping_status":"closed","template":"","meta":{"footnotes":""},"class_list":["post-8","page","type-page","status-publish","hentry"],"_links":{"self":[{"href":"https:\/\/rechesy.lilian-maitre.fr\/index.php\/wp-json\/wp\/v2\/pages\/8","targetHints":{"allow":["GET"]}}],"collection":[{"href":"https:\/\/rechesy.lilian-maitre.fr\/index.php\/wp-json\/wp\/v2\/pages"}],"about":[{"href":"https:\/\/rechesy.lilian-maitre.fr\/index.php\/wp-json\/wp\/v2\/types\/page"}],"author":[{"embeddable":true,"href":"https:\/\/rechesy.lilian-maitre.fr\/index.php\/wp-json\/wp\/v2\/users\/1"}],"replies":[{"embeddable":true,"href":"https:\/\/rechesy.lilian-maitre.fr\/index.php\/wp-json\/wp\/v2\/comments?post=8"}],"version-history":[{"count":1,"href":"https:\/\/rechesy.lilian-maitre.fr\/index.php\/wp-json\/wp\/v2\/pages\/8\/revisions"}],"predecessor-version":[{"id":9,"href":"https:\/\/rechesy.lilian-maitre.fr\/index.php\/wp-json\/wp\/v2\/pages\/8\/revisions\/9"}],"wp:attachment":[{"href":"https:\/\/rechesy.lilian-maitre.fr\/index.php\/wp-json\/wp\/v2\/media?parent=8"}],"curies":[{"name":"wp","href":"https:\/\/api.w.org\/{rel}","templated":true}]}}