{"id":2,"date":"2026-02-06T09:08:18","date_gmt":"2026-02-06T08:08:18","guid":{"rendered":"http:\/\/rechesy.lilian-maitre.fr\/?page_id=2"},"modified":"2026-02-06T09:10:02","modified_gmt":"2026-02-06T08:10:02","slug":"page-d-exemple","status":"publish","type":"page","link":"https:\/\/rechesy.lilian-maitre.fr\/index.php\/page-d-exemple\/","title":{"rendered":"Rechesy"},"content":{"rendered":"\n<p><strong>R\u00e9ch\u00e9sy<\/strong>\u00a0est une\u00a0<a href=\"https:\/\/fr.wikipedia.org\/wiki\/Commune_(France)\">commune fran\u00e7aise<\/a>\u00a0situ\u00e9e dans le\u00a0<a href=\"https:\/\/fr.wikipedia.org\/wiki\/D%C3%A9partement_fran%C3%A7ais\">d\u00e9partement<\/a>\u00a0du\u00a0<a href=\"https:\/\/fr.wikipedia.org\/wiki\/Territoire_de_Belfort\">Territoire de Belfort<\/a>, la r\u00e9gion culturelle et historique de\u00a0<a href=\"https:\/\/fr.wikipedia.org\/wiki\/Franche-Comt%C3%A9\">Franche-Comt\u00e9<\/a>\u00a0et la\u00a0<a href=\"https:\/\/fr.wikipedia.org\/wiki\/R%C3%A9gion_fran%C3%A7aise\">r\u00e9gion administrative<\/a>\u00a0<a href=\"https:\/\/fr.wikipedia.org\/wiki\/Bourgogne-Franche-Comt%C3%A9\">Bourgogne-Franche-Comt\u00e9<\/a>.<\/p>\n\n\n\n<blockquote class=\"wp-block-quote is-layout-flow wp-block-quote-is-layout-flow\">\n<p>Bonjour&nbsp;! Je suis un m\u00e9canicien qui aspire \u00e0 devenir acteur, et voici mon site. J\u2019habite \u00e0 Bordeaux, j\u2019ai un super chien baptis\u00e9 Russell, et j\u2019aime la vodka (ainsi qu\u2019\u00eatre surpris par la pluie soudaine lors de longues balades sur la plage au coucher du soleil).<\/p>\n<\/blockquote>\n\n\n\n<p>\u2026ou quelque chose comme cela&nbsp;:<\/p>\n\n\n\n<blockquote class=\"wp-block-quote is-layout-flow wp-block-quote-is-layout-flow\">\n<p>La soci\u00e9t\u00e9 123 Machin Truc a \u00e9t\u00e9 cr\u00e9\u00e9e en 1971, et n\u2019a cess\u00e9 de proposer au public des machins-trucs de qualit\u00e9 depuis lors. Situ\u00e9e \u00e0 Saint-Remy-en-Bouzemont-Saint-Genest-et-Isson, 123 Machin Truc emploie 2 000 personnes, et fabrique toutes sortes de bidules supers pour la communaut\u00e9 bouzemontoise.<\/p>\n<\/blockquote>\n\n\n\n<p>En tant que nouvel utilisateur ou utilisatrice de WordPress, vous devriez vous rendre sur <a href=\"http:\/\/rechesy.lilian-maitre.fr\/wp-admin\/\">votre tableau de bord<\/a> pour supprimer cette page et cr\u00e9er de nouvelles pages pour votre contenu. Amusez-vous bien&nbsp;!<\/p>\n","protected":false},"excerpt":{"rendered":"<p>R\u00e9ch\u00e9sy\u00a0est une\u00a0commune fran\u00e7aise\u00a0situ\u00e9e dans le\u00a0d\u00e9partement\u00a0du\u00a0Territoire de Belfort, la r\u00e9gion culturelle et historique de\u00a0Franche-Comt\u00e9\u00a0et la\u00a0r\u00e9gion administrative\u00a0Bourgogne-Franche-Comt\u00e9. Bonjour&nbsp;! Je suis un m\u00e9canicien qui aspire \u00e0 devenir acteur, et voici mon site. J\u2019habite \u00e0 Bordeaux, j\u2019ai un super chien baptis\u00e9 Russell, et j\u2019aime la vodka (ainsi qu\u2019\u00eatre surpris par la pluie soudaine lors de longues balades sur la [&hellip;]<\/p>\n","protected":false},"author":1,"featured_media":0,"parent":0,"menu_order":0,"comment_status":"closed","ping_status":"open","template":"","meta":{"footnotes":""},"class_list":["post-2","page","type-page","status-publish","hentry"],"_links":{"self":[{"href":"https:\/\/rechesy.lilian-maitre.fr\/index.php\/wp-json\/wp\/v2\/pages\/2","targetHints":{"allow":["GET"]}}],"collection":[{"href":"https:\/\/rechesy.lilian-maitre.fr\/index.php\/wp-json\/wp\/v2\/pages"}],"about":[{"href":"https:\/\/rechesy.lilian-maitre.fr\/index.php\/wp-json\/wp\/v2\/types\/page"}],"author":[{"embeddable":true,"href":"https:\/\/rechesy.lilian-maitre.fr\/index.php\/wp-json\/wp\/v2\/users\/1"}],"replies":[{"embeddable":true,"href":"https:\/\/rechesy.lilian-maitre.fr\/index.php\/wp-json\/wp\/v2\/comments?post=2"}],"version-history":[{"count":1,"href":"https:\/\/rechesy.lilian-maitre.fr\/index.php\/wp-json\/wp\/v2\/pages\/2\/revisions"}],"predecessor-version":[{"id":7,"href":"https:\/\/rechesy.lilian-maitre.fr\/index.php\/wp-json\/wp\/v2\/pages\/2\/revisions\/7"}],"wp:attachment":[{"href":"https:\/\/rechesy.lilian-maitre.fr\/index.php\/wp-json\/wp\/v2\/media?parent=2"}],"curies":[{"name":"wp","href":"https:\/\/api.w.org\/{rel}","templated":true}]}}